{"id":1697,"date":"2025-04-24T09:56:24","date_gmt":"2025-04-24T07:56:24","guid":{"rendered":"http:\/\/montajescristobal.com\/?page_id=1697"},"modified":"2025-04-25T17:34:16","modified_gmt":"2025-04-25T15:34:16","slug":"politica-privacidad","status":"publish","type":"page","link":"http:\/\/montajescristobal.com\/ca\/politica-privacidad\/","title":{"rendered":"Pol\u00edtica de privacitat"},"content":{"rendered":"<h2 class=\"wp-block-heading\"><strong>1. INFORMACI\u00d3 A L\u2019USUARI<\/strong><\/h2>\n\n\n\n<p>CRISTOBAL COLLADO RUEDA, com a Responsable del Tractament, l\u2019informa que, segons el que es disposa en el Reglament (UE) 2016\/679, de 27 d\u2019abril, (RGPD) i en la L.O. 3\/2018, de 5 de desembre, de protecci\u00f3 de dades i garantia dels drets digitals (LOPDGDD), tractarem la seva dades tal com reflectim en la present Pol\u00edtica de Privacitat.<\/p>\n\n\n\n<p>En aquesta Pol\u00edtica de Privacitat descrivim com recollim les seves dades personals i per qu\u00e8 els recollim, qu\u00e8 fem amb ells, amb qui els compartim, com els protegim i les seves opcions quant al tractament de les seves dades personals.<\/p>\n\n\n\n<p>Aquesta Pol\u00edtica s\u2019aplica al tractament de les seves dades personals recollits per l\u2019empresa per a la prestaci\u00f3 dels seus serveis. Si accepta les mesures d\u2019aquesta Pol\u00edtica, accepta que tractem les seves dades personals com es defineix en aquesta Pol\u00edtica<\/p>\n\n\n\n<h2 class=\"wp-block-heading\"><strong>2. CONTACTE<\/strong><\/h2>\n\n\n\n<p>Denominaci\u00f3 social: CRISTOBAL COLLADO RUEDA<\/p>\n\n\n\n<p>e-mail:\u00a0collado.pladur@gmail.com<\/p>\n\n\n\n<h2 class=\"wp-block-heading\"><strong>3. PRINCIPIS CLAU<\/strong><\/h2>\n\n\n\n<p>Sempre hem estat compromesos amb prestar els nostres serveis amb el m\u00e9s alt grau de qualitat, la qual cosa inclou tractar les seves dades amb seguretat i transpar\u00e8ncia. Els nostres principis s\u00f3n:<\/p>\n\n\n\n<ul class=\"wp-block-list\">\n<li>Legalitat: Nom\u00e9s recopilarem les seves Dades personals per a fins espec\u00edfics, expl\u00edcits i leg\u00edtims.<\/li>\n\n\n\n<li>Minimitzaci\u00f3 de dades: Limitem la recollida de dades de car\u00e0cter personal al que \u00e9s estrictament rellevant i necessari per als fins per als quals s\u2019han recopilat.<\/li>\n\n\n\n<li>Limitaci\u00f3 de la Finalitat: Nom\u00e9s recollirem les seves dades personals per als fins declarats i nom\u00e9s segons els seus desitjos.<\/li>\n\n\n\n<li>Precisi\u00f3: Mantindrem les seves dades personals exactes i actualitzats.<\/li>\n\n\n\n<li>Seguretat de les Dades: Apliquem les mesures t\u00e8cniques i organitzatives adequades i proporcionals als riscos per a garantir que les seves dades no sofreixin danys, com ara divulgaci\u00f3 o acc\u00e9s no autoritzat, la destrucci\u00f3 accidental o il\u00b7l\u00edcita o la seva p\u00e8rdua accidental o alteraci\u00f3 i qualsevol altra forma de tractament il\u00b7l\u00edcit.<\/li>\n\n\n\n<li>Acc\u00e9s i Rectificaci\u00f3: Disposem de mitjans perqu\u00e8 accedeixi o rectifiqui les seves dades quan ho consideri oport\u00fa.<\/li>\n\n\n\n<li>Conservaci\u00f3: Conservem les seves dades personals de manera legal i apropiada i nom\u00e9s mentre \u00e9s necessari per als fins per als quals s\u2019han recopilat.<\/li>\n\n\n\n<li>Les transfer\u00e8ncies internacionals: quan es doni el cas que les seves dades vagin a ser transferits fora de la UE\/EEE es protegiran adequadament.<\/li>\n\n\n\n<li>Tercers: L\u2019acc\u00e9s i transfer\u00e8ncia de dades personals a tercers es duen a terme d\u2019acord amb les lleis i reglaments aplicables i amb les garanties contractuals adequades.<\/li>\n\n\n\n<li>M\u00e0rqueting Directe i cookies: Complim amb la legislaci\u00f3 aplicable en mat\u00e8ria de publicitat i cookies.<\/li>\n<\/ul>\n\n\n\n<h2 class=\"wp-block-heading\"><strong>4.RECOLLIDA I TRACTAMENT DE LES SEVES DADES PERSONALS<\/strong><\/h2>\n\n\n\n<p>Els tipus de dades que \u00e9s podin sol\u00b7licitar i tractar s\u00f3n:<\/p>\n\n\n\n<ul class=\"wp-block-list\">\n<li>Dades de car\u00e0cter identificatiu.<\/li>\n<\/ul>\n\n\n\n<p>Tamb\u00e9 recollim de manera autom\u00e0tica dades sobre la seva visita al nostre lloc web segons es descriu en la pol\u00edtica de cookies.<\/p>\n\n\n\n<p>Sempre que sol\u00b7licitem les seves Dades personals, l\u2019informarem amb claredat de quines dades personals recollim i amb quina fi. En general, recollim i tractem les seves dades personals amb el prop\u00f2sit de:<\/p>\n\n\n\n<ul class=\"wp-block-list\">\n<li>Proporcionar informaci\u00f3n, servicios, productos, informaci\u00f3n relevante y novedades en el sector.<\/li>\n\n\n\n<li>Enviament de comunicacions.<\/li>\n<\/ul>\n\n\n\n<h2 class=\"wp-block-heading\"><strong>5. LEGITIMITAT<\/strong><\/h2>\n\n\n\n<p>D\u2019acord amb la normativa de protecci\u00f3 de dades aplicable, les seves dades personals podran tractar-se:<\/p>\n\n\n\n<ul class=\"wp-block-list\">\n<li>Quan ens hagi donat el seu consentiment a l\u2019efecte del tractament. Per descomptat podr\u00e0 retirar el seu consentiment en qualsevol moment.<\/li>\n\n\n\n<li>Per requeriment legal.<\/li>\n\n\n\n<li>Per existir un inter\u00e8s leg\u00edtim que no es vegi menyscabat pels seus drets de privacitat, com per exemple l\u2019enviament d\u2019informaci\u00f3 comercial b\u00e9 per subscripci\u00f3 a nostra newsletter o per la seva condici\u00f3 de client.<\/li>\n\n\n\n<li>Per ser necess\u00e0ria per a la prestaci\u00f3 d\u2019algun dels nostres serveis mitjan\u00e7ant relaci\u00f3 contractual entre vost\u00e8 i nosaltres.<\/li>\n<\/ul>\n\n\n\n<h2 class=\"wp-block-heading\"><strong>6. COMUNICACI\u00d3 DE DADES PERSONALS<\/strong><\/h2>\n\n\n\n<p>Les dades poden ser comunicats a empreses relacionades amb CRISTOBAL COLLADO RUEDA per a la prestaci\u00f3 dels diversos serveis en qualitat d\u2019Encarregats del Tractament. L\u2019empresa no realitzar\u00e0 cap cessi\u00f3, excepte per obligaci\u00f3 legal.<\/p>\n\n\n\n<h2 class=\"wp-block-heading\"><strong>7. ELS SEUS DRETS<\/strong><\/h2>\n\n\n\n<p>En relaci\u00f3 amb la recollida i tractament de les seves dades personals, pot posar-se en contacte amb nosaltres en qualsevol moment per a:<\/p>\n\n\n\n<ul class=\"wp-block-list\">\n<li>Accedir a les seves dades personals i a qualsevol altra informaci\u00f3 indicada en l\u2019Article 15.1 del RGPD.<\/li>\n\n\n\n<li>Rectificar les seves dades personals que siguin inexactes o estiguin incomplets d\u2019acord amb l\u2019Article 16 del RGPD.<\/li>\n\n\n\n<li>Suprimir les seves dades personals d\u2019acord amb l\u2019Article 17 del RGPD.<\/li>\n\n\n\n<li>Limitar el tractament de les seves dades personals d\u2019acord amb l\u2019Article 18 del RGPD.<\/li>\n\n\n\n<li>Sol\u00b7licitar la portabilitat de les seves dades d\u2019acord amb l\u2019Article 20 del RGPD.<\/li>\n\n\n\n<li>Oposar-se al tractament de les seves dades personals d\u2019acord amb l\u2019article 21 del RGPD.<\/li>\n<\/ul>\n\n\n\n<p>Si ha atorgat el seu consentiment per a alguna finalitat concreta, t\u00e9 dret a retirar el consentiment atorgat en qualsevol moment, sense que aix\u00f2 afecti la licitud del tractament basat en el consentiment previ a la seva retirada rrhh.<\/p>\n\n\n\n<p>Pot exercir aquests drets enviant comunicaci\u00f3, motivada i acreditada, a collado.pladur@gmail.com<\/p>\n\n\n\n<p>Tamb\u00e9 t\u00e9 dret a presentar una reclamaci\u00f3 davant&nbsp;<a href=\"http:\/\/www.aepd.es\/\" target=\"_blank\" rel=\"noreferrer noopener\">l\u2019Autoritat de control competent<\/a>&nbsp;si considera que el tractament no s\u2019ajusta a la normativa vigent.<\/p>\n\n\n\n<h2 class=\"wp-block-heading\"><strong>8. INFORMACI\u00d3 LEGAL<\/strong><\/h2>\n\n\n\n<p>Els requisits d\u2019aquesta Pol\u00edtica complementen, i no reemplacen, qualsevol altre requisit existent sota la llei de protecci\u00f3 de dades aplicable, que ser\u00e0 la que prevalgui en qualsevol cas.<\/p>\n\n\n\n<p>Aquesta Pol\u00edtica est\u00e0 subjecta a revisions peri\u00f2diques i l\u2019empresa pot modificar-la en qualsevol moment. Quan aix\u00f2 ocorri, li avisarem de qualsevol canvi i li demanarem que torni a llegir la versi\u00f3 m\u00e9s recent de la nostra Pol\u00edtica i que confirmi la seva acceptaci\u00f3.<\/p>\n\n\n\n<p><\/p>","protected":false},"excerpt":{"rendered":"<p>1. INFORMACI\u00d3N AL USUARIO CRISTOBAL COLLADO RUEDA, como Responsable del Tratamiento, le informa que, seg\u00fan lo dispuesto en el Reglamento (UE) 2016\/679, de 27 de abril, (RGPD) y en la L.O. 3\/2018, de 5 de diciembre, de protecci\u00f3n de datos y garant\u00eda de los derechos digitales (LOPDGDD), trataremos su datos tal y como reflejamos en [&hellip;]<\/p>\n","protected":false},"author":1,"featured_media":0,"parent":0,"menu_order":0,"comment_status":"closed","ping_status":"closed","template":"","meta":{"site-sidebar-layout":"default","site-content-layout":"","ast-site-content-layout":"default","site-content-style":"default","site-sidebar-style":"default","ast-global-header-display":"","ast-banner-title-visibility":"","ast-main-header-display":"","ast-hfb-above-header-display":"","ast-hfb-below-header-display":"","ast-hfb-mobile-header-display":"","site-post-title":"","ast-breadcrumbs-content":"","ast-featured-img":"","footer-sml-layout":"","ast-disable-related-posts":"","theme-transparent-header-meta":"","adv-header-id-meta":"","stick-header-meta":"","header-above-stick-meta":"","header-main-stick-meta":"","header-below-stick-meta":"","astra-migrate-meta-layouts":"set","ast-page-background-enabled":"default","ast-page-background-meta":{"desktop":{"background-color":"var(--ast-global-color-4)","background-image":"","background-repeat":"repeat","background-position":"center center","background-size":"auto","background-attachment":"scroll","background-type":"","background-media":"","overlay-type":"","overlay-color":"","overlay-opacity":"","overlay-gradient":""},"tablet":{"background-color":"","background-image":"","background-repeat":"repeat","background-position":"center center","background-size":"auto","background-attachment":"scroll","background-type":"","background-media":"","overlay-type":"","overlay-color":"","overlay-opacity":"","overlay-gradient":""},"mobile":{"background-color":"","background-image":"","background-repeat":"repeat","background-position":"center center","background-size":"auto","background-attachment":"scroll","background-type":"","background-media":"","overlay-type":"","overlay-color":"","overlay-opacity":"","overlay-gradient":""}},"ast-content-background-meta":{"desktop":{"background-color":"var(--ast-global-color-5)","background-image":"","background-repeat":"repeat","background-position":"center center","background-size":"auto","background-attachment":"scroll","background-type":"","background-media":"","overlay-type":"","overlay-color":"","overlay-opacity":"","overlay-gradient":""},"tablet":{"background-color":"var(--ast-global-color-5)","background-image":"","background-repeat":"repeat","background-position":"center center","background-size":"auto","background-attachment":"scroll","background-type":"","background-media":"","overlay-type":"","overlay-color":"","overlay-opacity":"","overlay-gradient":""},"mobile":{"background-color":"var(--ast-global-color-5)","background-image":"","background-repeat":"repeat","background-position":"center center","background-size":"auto","background-attachment":"scroll","background-type":"","background-media":"","overlay-type":"","overlay-color":"","overlay-opacity":"","overlay-gradient":""}},"footnotes":""},"class_list":["post-1697","page","type-page","status-publish","hentry"],"yoast_head":"<!-- This site is optimized with the Yoast SEO plugin v27.2 - https:\/\/yoast.com\/product\/yoast-seo-wordpress\/ -->\n<title>Pol\u00edtica de privacidad - Montajes Cristobal<\/title>\n<meta name=\"description\" content=\"Pol\u00edtica de privacidad con toda la informaci\u00f3n sobre la titularidad de nuestro sitio web de empresa de reformas con pladur y aislamiento.\" \/>\n<meta name=\"robots\" content=\"index, follow, max-snippet:-1, max-image-preview:large, max-video-preview:-1\" \/>\n<link rel=\"canonical\" href=\"http:\/\/montajescristobal.com\/ca\/politica-privacidad\/\" \/>\n<meta property=\"og:locale\" content=\"ca_ES\" \/>\n<meta property=\"og:type\" content=\"article\" \/>\n<meta property=\"og:title\" content=\"Pol\u00edtica de privacidad - Montajes Cristobal\" \/>\n<meta property=\"og:description\" content=\"Pol\u00edtica de privacidad con toda la informaci\u00f3n sobre la titularidad de nuestro sitio web de empresa de reformas con pladur y aislamiento.\" \/>\n<meta property=\"og:url\" content=\"http:\/\/montajescristobal.com\/ca\/politica-privacidad\/\" \/>\n<meta property=\"og:site_name\" content=\"Montajes Cristobal\" \/>\n<meta property=\"article:modified_time\" content=\"2025-04-25T15:34:16+00:00\" \/>\n<meta name=\"twitter:card\" content=\"summary_large_image\" \/>\n<meta name=\"twitter:label1\" content=\"Temps estimat de lectura\" \/>\n\t<meta name=\"twitter:data1\" content=\"5 minuts\" \/>\n<script type=\"application\/ld+json\" class=\"yoast-schema-graph\">{\"@context\":\"https:\/\/schema.org\",\"@graph\":[{\"@type\":\"WebPage\",\"@id\":\"http:\/\/montajescristobal.com\/ca\/politica-privacidad\/\",\"url\":\"http:\/\/montajescristobal.com\/ca\/politica-privacidad\/\",\"name\":\"Pol\u00edtica de privacidad - Montajes Cristobal\",\"isPartOf\":{\"@id\":\"https:\/\/montajescristobal.com\/ca\/#website\"},\"datePublished\":\"2025-04-24T07:56:24+00:00\",\"dateModified\":\"2025-04-25T15:34:16+00:00\",\"description\":\"Pol\u00edtica de privacidad con toda la informaci\u00f3n sobre la titularidad de nuestro sitio web de empresa de reformas con pladur y aislamiento.\",\"breadcrumb\":{\"@id\":\"http:\/\/montajescristobal.com\/ca\/politica-privacidad\/#breadcrumb\"},\"inLanguage\":\"ca\",\"potentialAction\":[{\"@type\":\"ReadAction\",\"target\":[\"http:\/\/montajescristobal.com\/ca\/politica-privacidad\/\"]}]},{\"@type\":\"BreadcrumbList\",\"@id\":\"http:\/\/montajescristobal.com\/ca\/politica-privacidad\/#breadcrumb\",\"itemListElement\":[{\"@type\":\"ListItem\",\"position\":1,\"name\":\"Portada\",\"item\":\"https:\/\/montajescristobal.com\/ca\/\"},{\"@type\":\"ListItem\",\"position\":2,\"name\":\"Pol\u00edtica de privacidad\"}]},{\"@type\":\"WebSite\",\"@id\":\"https:\/\/montajescristobal.com\/ca\/#website\",\"url\":\"https:\/\/montajescristobal.com\/ca\/\",\"name\":\"Montajes Cristobal\",\"description\":\"Especialista en pladur, reformas y aislamiento en Barcelona\",\"publisher\":{\"@id\":\"https:\/\/montajescristobal.com\/ca\/#organization\"},\"potentialAction\":[{\"@type\":\"SearchAction\",\"target\":{\"@type\":\"EntryPoint\",\"urlTemplate\":\"https:\/\/montajescristobal.com\/ca\/?s={search_term_string}\"},\"query-input\":{\"@type\":\"PropertyValueSpecification\",\"valueRequired\":true,\"valueName\":\"search_term_string\"}}],\"inLanguage\":\"ca\"},{\"@type\":\"Organization\",\"@id\":\"https:\/\/montajescristobal.com\/ca\/#organization\",\"name\":\"Montajes Cristobal\",\"url\":\"https:\/\/montajescristobal.com\/ca\/\",\"logo\":{\"@type\":\"ImageObject\",\"inLanguage\":\"ca\",\"@id\":\"https:\/\/montajescristobal.com\/ca\/#\/schema\/logo\/image\/\",\"url\":\"http:\/\/montajescristobal.com\/wp-content\/uploads\/2025\/04\/Logopng.png\",\"contentUrl\":\"http:\/\/montajescristobal.com\/wp-content\/uploads\/2025\/04\/Logopng.png\",\"width\":1080,\"height\":1068,\"caption\":\"Montajes Cristobal\"},\"image\":{\"@id\":\"https:\/\/montajescristobal.com\/ca\/#\/schema\/logo\/image\/\"},\"sameAs\":[\"https:\/\/www.instagram.com\/pyl.collado_\/\"]}]}<\/script>\n<!-- \/ Yoast SEO plugin. -->","yoast_head_json":{"title":"Pol\u00edtica de privacidad - Montajes Cristobal","description":"Pol\u00edtica de privacidad con toda la informaci\u00f3n sobre la titularidad de nuestro sitio web de empresa de reformas con pladur y aislamiento.","robots":{"index":"index","follow":"follow","max-snippet":"max-snippet:-1","max-image-preview":"max-image-preview:large","max-video-preview":"max-video-preview:-1"},"canonical":"http:\/\/montajescristobal.com\/ca\/politica-privacidad\/","og_locale":"ca_ES","og_type":"article","og_title":"Pol\u00edtica de privacidad - Montajes Cristobal","og_description":"Pol\u00edtica de privacidad con toda la informaci\u00f3n sobre la titularidad de nuestro sitio web de empresa de reformas con pladur y aislamiento.","og_url":"http:\/\/montajescristobal.com\/ca\/politica-privacidad\/","og_site_name":"Montajes Cristobal","article_modified_time":"2025-04-25T15:34:16+00:00","twitter_card":"summary_large_image","twitter_misc":{"Temps estimat de lectura":"5 minuts"},"schema":{"@context":"https:\/\/schema.org","@graph":[{"@type":"WebPage","@id":"http:\/\/montajescristobal.com\/ca\/politica-privacidad\/","url":"http:\/\/montajescristobal.com\/ca\/politica-privacidad\/","name":"Pol\u00edtica de privacidad - Montajes Cristobal","isPartOf":{"@id":"https:\/\/montajescristobal.com\/ca\/#website"},"datePublished":"2025-04-24T07:56:24+00:00","dateModified":"2025-04-25T15:34:16+00:00","description":"Pol\u00edtica de privacidad con toda la informaci\u00f3n sobre la titularidad de nuestro sitio web de empresa de reformas con pladur y aislamiento.","breadcrumb":{"@id":"http:\/\/montajescristobal.com\/ca\/politica-privacidad\/#breadcrumb"},"inLanguage":"ca","potentialAction":[{"@type":"ReadAction","target":["http:\/\/montajescristobal.com\/ca\/politica-privacidad\/"]}]},{"@type":"BreadcrumbList","@id":"http:\/\/montajescristobal.com\/ca\/politica-privacidad\/#breadcrumb","itemListElement":[{"@type":"ListItem","position":1,"name":"Portada","item":"https:\/\/montajescristobal.com\/ca\/"},{"@type":"ListItem","position":2,"name":"Pol\u00edtica de privacidad"}]},{"@type":"WebSite","@id":"https:\/\/montajescristobal.com\/ca\/#website","url":"https:\/\/montajescristobal.com\/ca\/","name":"Montajes Cristobal","description":"Especialista en pladur, reformas y aislamiento en Barcelona","publisher":{"@id":"https:\/\/montajescristobal.com\/ca\/#organization"},"potentialAction":[{"@type":"SearchAction","target":{"@type":"EntryPoint","urlTemplate":"https:\/\/montajescristobal.com\/ca\/?s={search_term_string}"},"query-input":{"@type":"PropertyValueSpecification","valueRequired":true,"valueName":"search_term_string"}}],"inLanguage":"ca"},{"@type":"Organization","@id":"https:\/\/montajescristobal.com\/ca\/#organization","name":"Montajes Cristobal","url":"https:\/\/montajescristobal.com\/ca\/","logo":{"@type":"ImageObject","inLanguage":"ca","@id":"https:\/\/montajescristobal.com\/ca\/#\/schema\/logo\/image\/","url":"http:\/\/montajescristobal.com\/wp-content\/uploads\/2025\/04\/Logopng.png","contentUrl":"http:\/\/montajescristobal.com\/wp-content\/uploads\/2025\/04\/Logopng.png","width":1080,"height":1068,"caption":"Montajes Cristobal"},"image":{"@id":"https:\/\/montajescristobal.com\/ca\/#\/schema\/logo\/image\/"},"sameAs":["https:\/\/www.instagram.com\/pyl.collado_\/"]}]}},"_links":{"self":[{"href":"http:\/\/montajescristobal.com\/ca\/wp-json\/wp\/v2\/pages\/1697","targetHints":{"allow":["GET"]}}],"collection":[{"href":"http:\/\/montajescristobal.com\/ca\/wp-json\/wp\/v2\/pages"}],"about":[{"href":"http:\/\/montajescristobal.com\/ca\/wp-json\/wp\/v2\/types\/page"}],"author":[{"embeddable":true,"href":"http:\/\/montajescristobal.com\/ca\/wp-json\/wp\/v2\/users\/1"}],"replies":[{"embeddable":true,"href":"http:\/\/montajescristobal.com\/ca\/wp-json\/wp\/v2\/comments?post=1697"}],"version-history":[{"count":3,"href":"http:\/\/montajescristobal.com\/ca\/wp-json\/wp\/v2\/pages\/1697\/revisions"}],"predecessor-version":[{"id":1700,"href":"http:\/\/montajescristobal.com\/ca\/wp-json\/wp\/v2\/pages\/1697\/revisions\/1700"}],"wp:attachment":[{"href":"http:\/\/montajescristobal.com\/ca\/wp-json\/wp\/v2\/media?parent=1697"}],"curies":[{"name":"wp","href":"https:\/\/api.w.org\/{rel}","templated":true}]}}