{"id":1702,"date":"2025-04-24T10:03:08","date_gmt":"2025-04-24T08:03:08","guid":{"rendered":"http:\/\/montajescristobal.com\/?page_id=1702"},"modified":"2025-04-25T17:33:39","modified_gmt":"2025-04-25T15:33:39","slug":"politica-cookies","status":"publish","type":"page","link":"http:\/\/montajescristobal.com\/ca\/politica-cookies\/","title":{"rendered":"Pol\u00edtica de cookies"},"content":{"rendered":"<p>Les cookies s\u00f3n petites quantitats d\u2019informaci\u00f3 que s\u2019emmagatzemen en el navegador utilitzat per cada usuari perqu\u00e8 el servidor recordi una certa informaci\u00f3 que posteriorment pugui utilitzar.<\/p>\n\n\n\n<h2 class=\"wp-block-heading\"><strong>TIPUS DE COOKIES QUE UTILITZEM<\/strong><\/h2>\n\n\n\n<p>Aquesta p\u00e0gina web utilitza cookies de tercers que s\u00f3n aquelles que s\u2019envien al teu ordinador o terminal des d\u2019un domini o una p\u00e0gina web que no \u00e9s gestionada per nosaltres, sin\u00f3 per una altra entitat que tracta les dades obtingudes a trav\u00e9s de les cookies.<\/p>\n\n\n\n<p>En aquest cas les Cookies s\u00f3n utilitzades amb finalitats estad\u00edstics relacionats amb les visites que rep i les p\u00e0gines que es consulten, quedant acceptat el seu \u00fas en navegar per ella.<\/p>\n\n\n\n<figure class=\"wp-block-table\"><table class=\"has-fixed-layout\"><tbody><tr><td><strong>COOKIE<\/strong>&nbsp;<strong>(I PROVE\u00cfDOR)<\/strong><\/td><td><strong>DURADA<\/strong><\/td><td><strong>DESCRIPCI\u00d3<\/strong><\/td><\/tr><tr><td>__cfduid (notin.es)<\/td><td>Sessi\u00f3<\/td><td>Publicitat<\/td><\/tr><tr><td>personalization_id (x.com)<\/td><td>Sessi\u00f3<\/td><td>Twitter (ara X)<\/td><\/tr><tr><td>Facebook<\/td><td>Publicitat, estad\u00edstiques i medicions<\/td><td>Col\u00b7loca Cookies en l\u2019ordinador o dispositiu i rep la informaci\u00f3 emmagatzemada en elles quan utilitzes o visites serveis prestats per altres empreses que utilitzen els serveis de Facebook.<\/td><\/tr><tr><td>_ga (Google)<\/td><td>2 anys<\/td><td>S\u2019usa per a distingir als usuaris.<\/td><\/tr><tr><td>_gid (Google)<\/td><td>24 hores<\/td><td>S\u2019usa per a distingir als usuaris.<\/td><\/tr><tr><td>_gat (Google)<\/td><td>1 minut<\/td><td>S\u2019usa per a limitar el percentatge de sol\u00b7licituds. Si has implementat Google Analytics mitjan\u00e7ant Google Tag Manager, aquesta cookie es dir\u00e0 _dc_gtm_.<\/td><\/tr><tr><td>_gali (Google)<\/td><td>30s<\/td><td>Atribuci\u00f3 d\u2019enlla\u00e7 millorada.<\/td><\/tr><tr><td>_unam (SHARETHIS)<\/td><td>Persistent<\/td><td>La seva finalitat \u00e9s quantificar el nombre d\u2019Usuaris que comparteixen un determinat contingut i quantes p\u00e0gines web s\u00f3n visitades arran d\u2019aquesta acci\u00f3.<\/td><\/tr><tr><td>WordPress<\/td><td>2 anys<\/td><td>Utilitzat per al correcte funcionament del gestor de contingut WordPress.<\/td><\/tr><\/tbody><\/table><\/figure>\n\n\n\n<p>Si desitja m\u00e9s informaci\u00f3 m\u00e9s sobre els tipus de cookies de seguiment i an\u00e0lisi de dades de Google faci clic&nbsp;<a href=\"https:\/\/www.google.com\/intl\/es_es\/policies\/technologies\/types\/\" target=\"_blank\" rel=\"noreferrer noopener\">aqu\u00ed<\/a>.<\/p>\n\n\n\n<p>Per informar-se sobre com eliminar les cookies del seu explorador:<\/p>\n\n\n\n<p><a href=\"https:\/\/www.allaboutcookies.org\/es\/administrar-las-cookies\/opera.html\" target=\"_blank\" rel=\"noreferrer noopener\">Opera<\/a><\/p>\n\n\n\n<p><a href=\"https:\/\/support.mozilla.org\/es\/kb\/habilitar-y-deshabilitar-cookies-sitios-web-rastrear-preferencias\" target=\"_blank\" rel=\"noreferrer noopener\">Firefox<\/a><\/p>\n\n\n\n<p><a href=\"https:\/\/support.google.com\/chrome\/answer\/95647?hl=es\" target=\"_blank\" rel=\"noreferrer noopener\">Chrome<\/a><\/p>\n\n\n\n<p><a href=\"https:\/\/support.microsoft.com\/es-es\/topic\/eliminar-y-administrar-cookies-168dab11-0753-043d-7c16-ede5947fc64d\" target=\"_blank\" rel=\"noreferrer noopener\">Internet Explorer<\/a><\/p>","protected":false},"excerpt":{"rendered":"<p>Las cookies son peque\u00f1as cantidades de informaci\u00f3n que se almacenan en el navegador utilizado por cada usuario para que el servidor recuerde cierta informaci\u00f3n que posteriormente pueda utilizar. TIPOS DE COOKIES QUE UTILIZAMOS Esta p\u00e1gina web utiliza cookies de terceros que son aquellas que se env\u00edan a tu ordenador o terminal desde un dominio o [&hellip;]<\/p>\n","protected":false},"author":1,"featured_media":0,"parent":0,"menu_order":0,"comment_status":"closed","ping_status":"closed","template":"","meta":{"site-sidebar-layout":"default","site-content-layout":"","ast-site-content-layout":"default","site-content-style":"default","site-sidebar-style":"default","ast-global-header-display":"","ast-banner-title-visibility":"","ast-main-header-display":"","ast-hfb-above-header-display":"","ast-hfb-below-header-display":"","ast-hfb-mobile-header-display":"","site-post-title":"","ast-breadcrumbs-content":"","ast-featured-img":"","footer-sml-layout":"","ast-disable-related-posts":"","theme-transparent-header-meta":"","adv-header-id-meta":"","stick-header-meta":"","header-above-stick-meta":"","header-main-stick-meta":"","header-below-stick-meta":"","astra-migrate-meta-layouts":"set","ast-page-background-enabled":"default","ast-page-background-meta":{"desktop":{"background-color":"var(--ast-global-color-4)","background-image":"","background-repeat":"repeat","background-position":"center center","background-size":"auto","background-attachment":"scroll","background-type":"","background-media":"","overlay-type":"","overlay-color":"","overlay-opacity":"","overlay-gradient":""},"tablet":{"background-color":"","background-image":"","background-repeat":"repeat","background-position":"center center","background-size":"auto","background-attachment":"scroll","background-type":"","background-media":"","overlay-type":"","overlay-color":"","overlay-opacity":"","overlay-gradient":""},"mobile":{"background-color":"","background-image":"","background-repeat":"repeat","background-position":"center center","background-size":"auto","background-attachment":"scroll","background-type":"","background-media":"","overlay-type":"","overlay-color":"","overlay-opacity":"","overlay-gradient":""}},"ast-content-background-meta":{"desktop":{"background-color":"var(--ast-global-color-5)","background-image":"","background-repeat":"repeat","background-position":"center center","background-size":"auto","background-attachment":"scroll","background-type":"","background-media":"","overlay-type":"","overlay-color":"","overlay-opacity":"","overlay-gradient":""},"tablet":{"background-color":"var(--ast-global-color-5)","background-image":"","background-repeat":"repeat","background-position":"center center","background-size":"auto","background-attachment":"scroll","background-type":"","background-media":"","overlay-type":"","overlay-color":"","overlay-opacity":"","overlay-gradient":""},"mobile":{"background-color":"var(--ast-global-color-5)","background-image":"","background-repeat":"repeat","background-position":"center center","background-size":"auto","background-attachment":"scroll","background-type":"","background-media":"","overlay-type":"","overlay-color":"","overlay-opacity":"","overlay-gradient":""}},"footnotes":""},"class_list":["post-1702","page","type-page","status-publish","hentry"],"yoast_head":"<!-- This site is optimized with the Yoast SEO plugin v27.2 - https:\/\/yoast.com\/product\/yoast-seo-wordpress\/ -->\n<title>Pol\u00edtica de cookies - Montajes Cristobal<\/title>\n<meta name=\"description\" content=\"Pol\u00edtica de cookies con toda la informaci\u00f3n sobre la titularidad de nuestro sitio web de empresa de reformas con pladur y aislamiento.\" \/>\n<meta name=\"robots\" content=\"index, follow, max-snippet:-1, max-image-preview:large, max-video-preview:-1\" \/>\n<link rel=\"canonical\" href=\"http:\/\/montajescristobal.com\/ca\/politica-cookies\/\" \/>\n<meta property=\"og:locale\" content=\"ca_ES\" \/>\n<meta property=\"og:type\" content=\"article\" \/>\n<meta property=\"og:title\" content=\"Pol\u00edtica de cookies - Montajes Cristobal\" \/>\n<meta property=\"og:description\" content=\"Pol\u00edtica de cookies con toda la informaci\u00f3n sobre la titularidad de nuestro sitio web de empresa de reformas con pladur y aislamiento.\" \/>\n<meta property=\"og:url\" content=\"http:\/\/montajescristobal.com\/ca\/politica-cookies\/\" \/>\n<meta property=\"og:site_name\" content=\"Montajes Cristobal\" \/>\n<meta property=\"article:modified_time\" content=\"2025-04-25T15:33:39+00:00\" \/>\n<meta name=\"twitter:card\" content=\"summary_large_image\" \/>\n<meta name=\"twitter:label1\" content=\"Temps estimat de lectura\" \/>\n\t<meta name=\"twitter:data1\" content=\"2 minuts\" \/>\n<script type=\"application\/ld+json\" class=\"yoast-schema-graph\">{\"@context\":\"https:\/\/schema.org\",\"@graph\":[{\"@type\":\"WebPage\",\"@id\":\"http:\/\/montajescristobal.com\/ca\/politica-cookies\/\",\"url\":\"http:\/\/montajescristobal.com\/ca\/politica-cookies\/\",\"name\":\"Pol\u00edtica de cookies - Montajes Cristobal\",\"isPartOf\":{\"@id\":\"https:\/\/montajescristobal.com\/ca\/#website\"},\"datePublished\":\"2025-04-24T08:03:08+00:00\",\"dateModified\":\"2025-04-25T15:33:39+00:00\",\"description\":\"Pol\u00edtica de cookies con toda la informaci\u00f3n sobre la titularidad de nuestro sitio web de empresa de reformas con pladur y aislamiento.\",\"breadcrumb\":{\"@id\":\"http:\/\/montajescristobal.com\/ca\/politica-cookies\/#breadcrumb\"},\"inLanguage\":\"ca\",\"potentialAction\":[{\"@type\":\"ReadAction\",\"target\":[\"http:\/\/montajescristobal.com\/ca\/politica-cookies\/\"]}]},{\"@type\":\"BreadcrumbList\",\"@id\":\"http:\/\/montajescristobal.com\/ca\/politica-cookies\/#breadcrumb\",\"itemListElement\":[{\"@type\":\"ListItem\",\"position\":1,\"name\":\"Portada\",\"item\":\"https:\/\/montajescristobal.com\/ca\/\"},{\"@type\":\"ListItem\",\"position\":2,\"name\":\"Pol\u00edtica de cookies\"}]},{\"@type\":\"WebSite\",\"@id\":\"https:\/\/montajescristobal.com\/ca\/#website\",\"url\":\"https:\/\/montajescristobal.com\/ca\/\",\"name\":\"Montajes Cristobal\",\"description\":\"Especialista en pladur, reformas y aislamiento en Barcelona\",\"publisher\":{\"@id\":\"https:\/\/montajescristobal.com\/ca\/#organization\"},\"potentialAction\":[{\"@type\":\"SearchAction\",\"target\":{\"@type\":\"EntryPoint\",\"urlTemplate\":\"https:\/\/montajescristobal.com\/ca\/?s={search_term_string}\"},\"query-input\":{\"@type\":\"PropertyValueSpecification\",\"valueRequired\":true,\"valueName\":\"search_term_string\"}}],\"inLanguage\":\"ca\"},{\"@type\":\"Organization\",\"@id\":\"https:\/\/montajescristobal.com\/ca\/#organization\",\"name\":\"Montajes Cristobal\",\"url\":\"https:\/\/montajescristobal.com\/ca\/\",\"logo\":{\"@type\":\"ImageObject\",\"inLanguage\":\"ca\",\"@id\":\"https:\/\/montajescristobal.com\/ca\/#\/schema\/logo\/image\/\",\"url\":\"http:\/\/montajescristobal.com\/wp-content\/uploads\/2025\/04\/Logopng.png\",\"contentUrl\":\"http:\/\/montajescristobal.com\/wp-content\/uploads\/2025\/04\/Logopng.png\",\"width\":1080,\"height\":1068,\"caption\":\"Montajes Cristobal\"},\"image\":{\"@id\":\"https:\/\/montajescristobal.com\/ca\/#\/schema\/logo\/image\/\"},\"sameAs\":[\"https:\/\/www.instagram.com\/pyl.collado_\/\"]}]}<\/script>\n<!-- \/ Yoast SEO plugin. -->","yoast_head_json":{"title":"Pol\u00edtica de cookies - Montajes Cristobal","description":"Pol\u00edtica de cookies con toda la informaci\u00f3n sobre la titularidad de nuestro sitio web de empresa de reformas con pladur y aislamiento.","robots":{"index":"index","follow":"follow","max-snippet":"max-snippet:-1","max-image-preview":"max-image-preview:large","max-video-preview":"max-video-preview:-1"},"canonical":"http:\/\/montajescristobal.com\/ca\/politica-cookies\/","og_locale":"ca_ES","og_type":"article","og_title":"Pol\u00edtica de cookies - Montajes Cristobal","og_description":"Pol\u00edtica de cookies con toda la informaci\u00f3n sobre la titularidad de nuestro sitio web de empresa de reformas con pladur y aislamiento.","og_url":"http:\/\/montajescristobal.com\/ca\/politica-cookies\/","og_site_name":"Montajes Cristobal","article_modified_time":"2025-04-25T15:33:39+00:00","twitter_card":"summary_large_image","twitter_misc":{"Temps estimat de lectura":"2 minuts"},"schema":{"@context":"https:\/\/schema.org","@graph":[{"@type":"WebPage","@id":"http:\/\/montajescristobal.com\/ca\/politica-cookies\/","url":"http:\/\/montajescristobal.com\/ca\/politica-cookies\/","name":"Pol\u00edtica de cookies - Montajes Cristobal","isPartOf":{"@id":"https:\/\/montajescristobal.com\/ca\/#website"},"datePublished":"2025-04-24T08:03:08+00:00","dateModified":"2025-04-25T15:33:39+00:00","description":"Pol\u00edtica de cookies con toda la informaci\u00f3n sobre la titularidad de nuestro sitio web de empresa de reformas con pladur y aislamiento.","breadcrumb":{"@id":"http:\/\/montajescristobal.com\/ca\/politica-cookies\/#breadcrumb"},"inLanguage":"ca","potentialAction":[{"@type":"ReadAction","target":["http:\/\/montajescristobal.com\/ca\/politica-cookies\/"]}]},{"@type":"BreadcrumbList","@id":"http:\/\/montajescristobal.com\/ca\/politica-cookies\/#breadcrumb","itemListElement":[{"@type":"ListItem","position":1,"name":"Portada","item":"https:\/\/montajescristobal.com\/ca\/"},{"@type":"ListItem","position":2,"name":"Pol\u00edtica de cookies"}]},{"@type":"WebSite","@id":"https:\/\/montajescristobal.com\/ca\/#website","url":"https:\/\/montajescristobal.com\/ca\/","name":"Montajes Cristobal","description":"Especialista en pladur, reformas y aislamiento en Barcelona","publisher":{"@id":"https:\/\/montajescristobal.com\/ca\/#organization"},"potentialAction":[{"@type":"SearchAction","target":{"@type":"EntryPoint","urlTemplate":"https:\/\/montajescristobal.com\/ca\/?s={search_term_string}"},"query-input":{"@type":"PropertyValueSpecification","valueRequired":true,"valueName":"search_term_string"}}],"inLanguage":"ca"},{"@type":"Organization","@id":"https:\/\/montajescristobal.com\/ca\/#organization","name":"Montajes Cristobal","url":"https:\/\/montajescristobal.com\/ca\/","logo":{"@type":"ImageObject","inLanguage":"ca","@id":"https:\/\/montajescristobal.com\/ca\/#\/schema\/logo\/image\/","url":"http:\/\/montajescristobal.com\/wp-content\/uploads\/2025\/04\/Logopng.png","contentUrl":"http:\/\/montajescristobal.com\/wp-content\/uploads\/2025\/04\/Logopng.png","width":1080,"height":1068,"caption":"Montajes Cristobal"},"image":{"@id":"https:\/\/montajescristobal.com\/ca\/#\/schema\/logo\/image\/"},"sameAs":["https:\/\/www.instagram.com\/pyl.collado_\/"]}]}},"_links":{"self":[{"href":"http:\/\/montajescristobal.com\/ca\/wp-json\/wp\/v2\/pages\/1702","targetHints":{"allow":["GET"]}}],"collection":[{"href":"http:\/\/montajescristobal.com\/ca\/wp-json\/wp\/v2\/pages"}],"about":[{"href":"http:\/\/montajescristobal.com\/ca\/wp-json\/wp\/v2\/types\/page"}],"author":[{"embeddable":true,"href":"http:\/\/montajescristobal.com\/ca\/wp-json\/wp\/v2\/users\/1"}],"replies":[{"embeddable":true,"href":"http:\/\/montajescristobal.com\/ca\/wp-json\/wp\/v2\/comments?post=1702"}],"version-history":[{"count":1,"href":"http:\/\/montajescristobal.com\/ca\/wp-json\/wp\/v2\/pages\/1702\/revisions"}],"predecessor-version":[{"id":1703,"href":"http:\/\/montajescristobal.com\/ca\/wp-json\/wp\/v2\/pages\/1702\/revisions\/1703"}],"wp:attachment":[{"href":"http:\/\/montajescristobal.com\/ca\/wp-json\/wp\/v2\/media?parent=1702"}],"curies":[{"name":"wp","href":"https:\/\/api.w.org\/{rel}","templated":true}]}}